{"id":400,"date":"2020-08-24T11:05:53","date_gmt":"2020-08-24T11:05:53","guid":{"rendered":"https:\/\/b97ehhq.myraidbox.de\/sobre-nosotros\/"},"modified":"2020-09-02T17:32:20","modified_gmt":"2020-09-02T17:32:20","slug":"sobre-me","status":"publish","type":"page","link":"https:\/\/www.schreibkommunikation.de\/es\/sobre-me\/","title":{"rendered":"Sobre nosotros"},"content":{"rendered":"<p>[et_pb_section fb_built=\u00bb1&#8243; _builder_version=\u00bb4.5.5&#8243; _module_preset=\u00bbdefault\u00bb custom_padding=\u00bb0px||0px||false|false\u00bb][et_pb_row module_class=\u00bbvolle-breite\u00bb _builder_version=\u00bb4.5.5&#8243; _module_preset=\u00bbdefault\u00bb][et_pb_column type=\u00bb4_4&#8243; _builder_version=\u00bb4.5.5&#8243; _module_preset=\u00bbdefault\u00bb][et_pb_text _builder_version=\u00bb4.5.5&#8243; _module_preset=\u00bbdefault\u00bb header_text_align=\u00bbcenter\u00bb background_enable_image=\u00bboff\u00bb]<\/p>\n<h1 class=\"wow\">Sobre<br \/><span>m\u00ed<\/span><\/h1>\n<p>[\/et_pb_text][\/et_pb_column][\/et_pb_row][\/et_pb_section][et_pb_section fb_built=\u00bb1&#8243; _builder_version=\u00bb4.5.5&#8243; _module_preset=\u00bbdefault\u00bb background_enable_image=\u00bboff\u00bb background_repeat=\u00bbrepeat\u00bb custom_padding=\u00bb0px|||||\u00bb][et_pb_row column_structure=\u00bb1_2,1_2&#8243; make_equal=\u00bbon\u00bb _builder_version=\u00bb4.5.5&#8243; _module_preset=\u00bbdefault\u00bb custom_margin=\u00bb||5rem||false|false\u00bb][et_pb_column type=\u00bb1_2&#8243; _builder_version=\u00bb4.5.5&#8243; _module_preset=\u00bbdefault\u00bb][et_pb_image src=\u00bbhttps:\/\/schreibkommunikation.de\/wp-content\/uploads\/\/bernoth-schreibservice_favicon-reverse.svg\u00bb title_text=\u00bbbernoth-schreibservice_favicon-reverse\u00bb align=\u00bbright\u00bb module_class=\u00bbsticky-story\u00bb _builder_version=\u00bb4.5.5&#8243; _module_preset=\u00bbdefault\u00bb max_width=\u00bb50px\u00bb][\/et_pb_image][\/et_pb_column][et_pb_column type=\u00bb1_2&#8243; _builder_version=\u00bb4.5.5&#8243; _module_preset=\u00bbdefault\u00bb][et_pb_text _builder_version=\u00bb4.5.5&#8243; _module_preset=\u00bbdefault\u00bb]<\/p>\n<h2>Era culpa de mi consultora Tupperware<\/h2>\n<p>[\/et_pb_text][et_pb_text _builder_version=\u00bb4.5.5&#8243; _module_preset=\u00bbdefault\u00bb text_orientation=\u00bbjustified\u00bb]En el a\u00f1o 1999 mi consultora Tupperware mencion\u00f3 varias veces que una amiga suya ten\u00eda una agencia de transcripci\u00f3n y que estaba buscando a una persona que sepa escribir r\u00e1pido.<\/p>\n<p>Acept\u00e9 la oferta. [\/et_pb_text][\/et_pb_column][\/et_pb_row][et_pb_row column_structure=\u00bb3_5,2_5&#8243; make_equal=\u00bbon\u00bb module_class=\u00bbmobile-flex\u00bb _builder_version=\u00bb4.5.5&#8243; _module_preset=\u00bbdefault\u00bb custom_margin=\u00bb||5rem||false|false\u00bb][et_pb_column type=\u00bb3_5&#8243; _builder_version=\u00bb4.5.5&#8243; _module_preset=\u00bbdefault\u00bb][et_pb_text _builder_version=\u00bb4.5.5&#8243; _module_preset=\u00bbdefault\u00bb]<\/p>\n<h2>Pod\u00eda ense\u00f1ar mucho a mis jefes<\/h2>\n<p>[\/et_pb_text][et_pb_text _builder_version=\u00bb4.5.5&#8243; _module_preset=\u00bbdefault\u00bb text_orientation=\u00bbjustified\u00bb]R\u00e1pidamente, me di cuenta de que la transcripci\u00f3n de la palabra hablada era lo m\u00edo. Sobre todo, porque ya estaba muy entusiasmada con escribir al dictado, trabajando todav\u00eda para otras empresas. Me encant\u00f3 discutir con mis jefes sobre la ortograf\u00eda correcta. Casi siempre \u201cgan\u00f3 estas batallas\u201d. En estas discusiones olvid\u00e9 que mis interlocutores eran mis jefes. Pues jefes no siempre tienen raz\u00f3n solo por ser jefes.<\/p>\n<p>Entonces, los textos estaban cada vez m\u00e1s interesantes. Pod\u00eda escuchar diferentes temas y segu\u00eda con gran inter\u00e9s las palabras y las distintas opiniones de cada tema.<\/p>\n<p>Durante un a\u00f1o me dirig\u00eda a esta tarea en paralelo de mi actividad principal. Tengo que darle las gracias a mi ex marido, para quien trabajaba en aquel entonces, porque acept\u00f3 que yo segu\u00eda mi pasi\u00f3n incluso durante mi jornada laboral.[\/et_pb_text][\/et_pb_column][et_pb_column type=\u00bb2_5&#8243; _builder_version=\u00bb4.5.5&#8243; _module_preset=\u00bbdefault\u00bb][et_pb_image src=\u00bbhttps:\/\/schreibkommunikation.de\/wp-content\/uploads\/\/bernoth-schreibservice_favicon.svg\u00bb title_text=\u00bbbernoth-schreibservice_favicon\u00bb module_class=\u00bbsticky-story\u00bb _builder_version=\u00bb4.5.5&#8243; _module_preset=\u00bbdefault\u00bb max_width=\u00bb50px\u00bb][\/et_pb_image][\/et_pb_column][\/et_pb_row][et_pb_row column_structure=\u00bb1_2,1_2&#8243; make_equal=\u00bbon\u00bb _builder_version=\u00bb4.5.5&#8243; _module_preset=\u00bbdefault\u00bb custom_margin=\u00bb||5rem||false|false\u00bb][et_pb_column type=\u00bb1_2&#8243; _builder_version=\u00bb4.5.5&#8243; _module_preset=\u00bbdefault\u00bb][et_pb_image src=\u00bbhttps:\/\/schreibkommunikation.de\/wp-content\/uploads\/\/bernoth-schreibservice_favicon-reverse.svg\u00bb title_text=\u00bbbernoth-schreibservice_favicon-reverse\u00bb align=\u00bbright\u00bb module_class=\u00bbsticky-story\u00bb _builder_version=\u00bb4.5.5&#8243; _module_preset=\u00bbdefault\u00bb max_width=\u00bb50px\u00bb][\/et_pb_image][\/et_pb_column][et_pb_column type=\u00bb1_2&#8243; _builder_version=\u00bb4.5.5&#8243; _module_preset=\u00bbdefault\u00bb][et_pb_text _builder_version=\u00bb4.5.5&#8243; _module_preset=\u00bbdefault\u00bb]<\/p>\n<h2>Lo m\u00e1s importante son mis proyectos<\/h2>\n<p>[\/et_pb_text][et_pb_text _builder_version=\u00bb4.5.5&#8243; _module_preset=\u00bbdefault\u00bb text_orientation=\u00bbjustified\u00bb]De vez en cuando me molestaba, si el tel\u00e9fono so\u00f1aba o si hab\u00eda una pregunta referente a la empresa. Para m\u00ed era m\u00e1s importante terminar mis proyectos. Ning\u00fan empleador hubiera tolerado esto.<\/p>\n<p>Inevitablemente, ten\u00eda el af\u00e1n de adquirir mis propios clientes y me dedic\u00f3 cada vez m\u00e1s a c\u00f3mo vender mis servicios. [\/et_pb_text][\/et_pb_column][\/et_pb_row][et_pb_row column_structure=\u00bb1_2,1_2&#8243; make_equal=\u00bbon\u00bb module_class=\u00bbmobile-flex\u00bb _builder_version=\u00bb4.5.5&#8243; _module_preset=\u00bbdefault\u00bb custom_margin=\u00bb||5rem||false|false\u00bb][et_pb_column type=\u00bb1_2&#8243; _builder_version=\u00bb4.5.5&#8243; _module_preset=\u00bbdefault\u00bb][et_pb_text _builder_version=\u00bb4.5.5&#8243; _module_preset=\u00bbdefault\u00bb]<\/p>\n<h2>Mi visi\u00f3n tom\u00f3 forma<\/h2>\n<p>[\/et_pb_text][et_pb_text _builder_version=\u00bb4.5.5&#8243; _module_preset=\u00bbdefault\u00bb text_orientation=\u00bbjustified\u00bb]Ten\u00eda una visi\u00f3n y quer\u00eda ponerla en pr\u00e1ctica. Visualizaba una gran oficina con mesas y trabajadores innumerables que tecleaban sin pausa. Esto era lo que quer\u00eda, nada m\u00e1s y nada menos![\/et_pb_text][\/et_pb_column][et_pb_column type=\u00bb1_2&#8243; _builder_version=\u00bb4.5.5&#8243; _module_preset=\u00bbdefault\u00bb][et_pb_image src=\u00bbhttps:\/\/schreibkommunikation.de\/wp-content\/uploads\/\/bernoth-schreibservice_favicon.svg\u00bb title_text=\u00bbbernoth-schreibservice_favicon\u00bb module_class=\u00bbsticky-story\u00bb _builder_version=\u00bb4.5.5&#8243; _module_preset=\u00bbdefault\u00bb max_width=\u00bb50px\u00bb][\/et_pb_image][\/et_pb_column][\/et_pb_row][et_pb_row column_structure=\u00bb2_5,3_5&#8243; make_equal=\u00bbon\u00bb _builder_version=\u00bb4.5.5&#8243; _module_preset=\u00bbdefault\u00bb custom_margin=\u00bb||5rem||false|false\u00bb][et_pb_column type=\u00bb2_5&#8243; _builder_version=\u00bb4.5.5&#8243; _module_preset=\u00bbdefault\u00bb][et_pb_image src=\u00bbhttps:\/\/schreibkommunikation.de\/wp-content\/uploads\/\/bernoth-schreibservice_favicon-reverse.svg\u00bb title_text=\u00bbbernoth-schreibservice_favicon-reverse\u00bb align=\u00bbright\u00bb module_class=\u00bbsticky-story\u00bb _builder_version=\u00bb4.5.5&#8243; _module_preset=\u00bbdefault\u00bb max_width=\u00bb50px\u00bb][\/et_pb_image][\/et_pb_column][et_pb_column type=\u00bb3_5&#8243; _builder_version=\u00bb4.5.5&#8243; _module_preset=\u00bbdefault\u00bb][et_pb_text _builder_version=\u00bb4.5.5&#8243; _module_preset=\u00bbdefault\u00bb]<\/p>\n<h2>Crecimiento<\/h2>\n<p>[\/et_pb_text][et_pb_text _builder_version=\u00bb4.5.5&#8243; _module_preset=\u00bbdefault\u00bb text_orientation=\u00bbjustified\u00bb]Hoy cuento con una base de 80 trabajadores que saben teclear r\u00e1pido. Tengo que confesar que no se trata de una oficina grande, pero tampoco hace falta.<\/p>\n<p>Despu\u00e9s de escribir muchos correos, consigu\u00ed adquirir mi primer cliente. Eso fue en el a\u00f1o 2001, a partir de este momento el n\u00famero de clientes fijos iba aumentando.<\/p>\n<p>2011 una clienta, con qui\u00e9n trabajaba regularmente, nos pregunt\u00f3 (ya ten\u00eda una trabajadora independiente) si hac\u00edamos traducciones del audio. Eso fue mi siguiente reto. Por casualidad, ten\u00eda una trabajadora adecuada que estaba muy contenta asumir esta tarea. [\/et_pb_text][\/et_pb_column][\/et_pb_row][et_pb_row column_structure=\u00bb3_5,2_5&#8243; make_equal=\u00bbon\u00bb module_class=\u00bbmobile-flex\u00bb _builder_version=\u00bb4.5.5&#8243; _module_preset=\u00bbdefault\u00bb custom_margin=\u00bb||5rem||false|false\u00bb][et_pb_column type=\u00bb3_5&#8243; _builder_version=\u00bb4.5.5&#8243; _module_preset=\u00bbdefault\u00bb][et_pb_text _builder_version=\u00bb4.5.5&#8243; _module_preset=\u00bbdefault\u00bb]<\/p>\n<h2>Para m\u00ed no es un trabajo sino una vocaci\u00f3n<\/h2>\n<p>[\/et_pb_text][et_pb_text _builder_version=\u00bb4.5.5&#8243; _module_preset=\u00bbdefault\u00bb text_orientation=\u00bbjustified\u00bb]<\/p>\n<p>Voy conociendo nuevas cosas y opiniones de personas que nunca voy a conocer, pero cuyas opiniones e impresiones nunca podr\u00eda escuchar si no tuviera este \u201ctrabajo\u201d. Me niego a decir que es un \u201ctrabajo\u201d. Estoy muy agradecida por poder hacer lo que me encanta desde hace ya 21 a\u00f1os. Hace falta decir que no s\u00f3lo se trata de transcipciones. Hoy m\u00e1s bien estoy solucionando problemas.<\/p>\n<p>S\u00e9 que hay muchas personas que se dirigen a m\u00ed cuando no ven otra posibilidad, y esto me llena de orgullo. Una y otra vez tengo la impresi\u00f3n que los clientes vienen con esta idea de que \u201cElla lo hace. Ella lo consigue.\u201d A menudo me pregunto \u201cPorque no eligieron a m\u00ed primero?\u201d Porque el encargo no hubiera sido t\u00e1n urgente y el cliente hubiera evitado mucho estr\u00e9s.\u00a0<\/p>\n<p>[\/et_pb_text][\/et_pb_column][et_pb_column type=\u00bb2_5&#8243; _builder_version=\u00bb4.5.5&#8243; _module_preset=\u00bbdefault\u00bb][et_pb_image src=\u00bbhttps:\/\/schreibkommunikation.de\/wp-content\/uploads\/\/bernoth-schreibservice_favicon.svg\u00bb title_text=\u00bbbernoth-schreibservice_favicon\u00bb module_class=\u00bbsticky-story\u00bb _builder_version=\u00bb4.5.5&#8243; _module_preset=\u00bbdefault\u00bb max_width=\u00bb50px\u00bb][\/et_pb_image][\/et_pb_column][\/et_pb_row][et_pb_row make_equal=\u00bbon\u00bb _builder_version=\u00bb4.5.5&#8243; _module_preset=\u00bbdefault\u00bb custom_margin=\u00bb||5rem||false|false\u00bb][et_pb_column type=\u00bb4_4&#8243; _builder_version=\u00bb4.5.5&#8243; _module_preset=\u00bbdefault\u00bb][et_pb_text _builder_version=\u00bb4.5.5&#8243; _module_preset=\u00bbdefault\u00bb]<\/p>\n<h2>En el \u00faltimo momento\u2026 pero eso me hizo m\u00e1s fuerte<\/h2>\n<p>[\/et_pb_text][et_pb_text _builder_version=\u00bb4.5.5&#8243; _module_preset=\u00bbdefault\u00bb text_orientation=\u00bbjustified\u00bb]Muchas veces se estableci\u00f3 una cooperaci\u00f3n regular si el primer proyecto lleg\u00f3 en el \u00faltimo momento. As\u00ed los clientes se dieron cuenta de que era mejor trabajar directamente conmigo y pod\u00edan dejar a preocuparse. Realizaron su pedido y consiguieron lo que quer\u00edan.<\/p>\n<p>Estoy muy orgullosa de que durante todos estos a\u00f1os podamos contar con los dedos de la mano las tareas que no pod\u00edamos entregar a tiempo, pero siempre dentro de un l\u00edmite tolerable, de manera que los clientes nunca tuvieron problemas.<\/p>\n<p>Para una colaboraci\u00f3n buena lo m\u00e1s importante es que los clientes tengan la mayor seguridad y que sus proyectos est\u00e9n en buenos manos. [\/et_pb_text][\/et_pb_column][\/et_pb_row][\/et_pb_section]<\/p>\n","protected":false},"excerpt":{"rendered":"<p>Sobrem\u00edEra culpa de mi consultora TupperwareEn el a\u00f1o 1999 mi consultora Tupperware mencion\u00f3 varias veces que una amiga suya ten\u00eda una agencia de transcripci\u00f3n y que estaba buscando a una persona que sepa escribir r\u00e1pido. Acept\u00e9 la oferta. Pod\u00eda ense\u00f1ar mucho a mis jefesR\u00e1pidamente, me di cuenta de que la transcripci\u00f3n de la palabra hablada [&hellip;]<\/p>\n","protected":false},"author":1,"featured_media":0,"parent":0,"menu_order":0,"comment_status":"closed","ping_status":"closed","template":"","meta":{"_et_pb_use_builder":"on","_et_pb_old_content":"","_et_gb_content_width":"","inline_featured_image":false,"footnotes":""},"class_list":["post-400","page","type-page","status-publish","hentry"],"yoast_head":"<!-- This site is optimized with the Yoast SEO plugin v27.4 - https:\/\/yoast.com\/product\/yoast-seo-wordpress\/ -->\n<title>Sobre nosotros - Servicio de transcripci\u00f3n Michaela Bernoth<\/title>\n<meta name=\"robots\" content=\"index, follow, max-snippet:-1, max-image-preview:large, max-video-preview:-1\" \/>\n<link rel=\"canonical\" href=\"https:\/\/www.schreibkommunikation.de\/es\/sobre-me\/\" \/>\n<meta property=\"og:locale\" content=\"es_ES\" \/>\n<meta property=\"og:type\" content=\"article\" \/>\n<meta property=\"og:title\" content=\"Sobre nosotros - Servicio de transcripci\u00f3n Michaela Bernoth\" \/>\n<meta property=\"og:description\" content=\"Sobrem\u00edEra culpa de mi consultora TupperwareEn el a\u00f1o 1999 mi consultora Tupperware mencion\u00f3 varias veces que una amiga suya ten\u00eda una agencia de transcripci\u00f3n y que estaba buscando a una persona que sepa escribir r\u00e1pido. Acept\u00e9 la oferta. Pod\u00eda ense\u00f1ar mucho a mis jefesR\u00e1pidamente, me di cuenta de que la transcripci\u00f3n de la palabra hablada [&hellip;]\" \/>\n<meta property=\"og:url\" content=\"https:\/\/www.schreibkommunikation.de\/es\/sobre-me\/\" \/>\n<meta property=\"og:site_name\" content=\"Servicio de transcripci\u00f3n Michaela Bernoth\" \/>\n<meta property=\"article:modified_time\" content=\"2020-09-02T17:32:20+00:00\" \/>\n<meta name=\"twitter:card\" content=\"summary_large_image\" \/>\n<meta name=\"twitter:label1\" content=\"Tiempo de lectura\" \/>\n\t<meta name=\"twitter:data1\" content=\"7 minutos\" \/>\n<script type=\"application\/ld+json\" class=\"yoast-schema-graph\">{\"@context\":\"https:\\\/\\\/schema.org\",\"@graph\":[{\"@type\":\"WebPage\",\"@id\":\"https:\\\/\\\/www.schreibkommunikation.de\\\/es\\\/sobre-me\\\/\",\"url\":\"https:\\\/\\\/www.schreibkommunikation.de\\\/es\\\/sobre-me\\\/\",\"name\":\"Sobre nosotros - Servicio de transcripci\u00f3n Michaela Bernoth\",\"isPartOf\":{\"@id\":\"https:\\\/\\\/www.schreibkommunikation.de\\\/es\\\/#website\"},\"datePublished\":\"2020-08-24T11:05:53+00:00\",\"dateModified\":\"2020-09-02T17:32:20+00:00\",\"breadcrumb\":{\"@id\":\"https:\\\/\\\/www.schreibkommunikation.de\\\/es\\\/sobre-me\\\/#breadcrumb\"},\"inLanguage\":\"es\",\"potentialAction\":[{\"@type\":\"ReadAction\",\"target\":[\"https:\\\/\\\/www.schreibkommunikation.de\\\/es\\\/sobre-me\\\/\"]}]},{\"@type\":\"BreadcrumbList\",\"@id\":\"https:\\\/\\\/www.schreibkommunikation.de\\\/es\\\/sobre-me\\\/#breadcrumb\",\"itemListElement\":[{\"@type\":\"ListItem\",\"position\":1,\"name\":\"Startseite\",\"item\":\"https:\\\/\\\/www.schreibkommunikation.de\\\/es\\\/\"},{\"@type\":\"ListItem\",\"position\":2,\"name\":\"Sobre nosotros\"}]},{\"@type\":\"WebSite\",\"@id\":\"https:\\\/\\\/www.schreibkommunikation.de\\\/es\\\/#website\",\"url\":\"https:\\\/\\\/www.schreibkommunikation.de\\\/es\\\/\",\"name\":\"Servicio de transcripci\u00f3n Michaela Bernoth\",\"description\":\"El servicio de transcripci\u00f3n ahora se llama\",\"potentialAction\":[{\"@type\":\"SearchAction\",\"target\":{\"@type\":\"EntryPoint\",\"urlTemplate\":\"https:\\\/\\\/www.schreibkommunikation.de\\\/es\\\/?s={search_term_string}\"},\"query-input\":{\"@type\":\"PropertyValueSpecification\",\"valueRequired\":true,\"valueName\":\"search_term_string\"}}],\"inLanguage\":\"es\"}]}<\/script>\n<!-- \/ Yoast SEO plugin. -->","yoast_head_json":{"title":"Sobre nosotros - Servicio de transcripci\u00f3n Michaela Bernoth","robots":{"index":"index","follow":"follow","max-snippet":"max-snippet:-1","max-image-preview":"max-image-preview:large","max-video-preview":"max-video-preview:-1"},"canonical":"https:\/\/www.schreibkommunikation.de\/es\/sobre-me\/","og_locale":"es_ES","og_type":"article","og_title":"Sobre nosotros - Servicio de transcripci\u00f3n Michaela Bernoth","og_description":"Sobrem\u00edEra culpa de mi consultora TupperwareEn el a\u00f1o 1999 mi consultora Tupperware mencion\u00f3 varias veces que una amiga suya ten\u00eda una agencia de transcripci\u00f3n y que estaba buscando a una persona que sepa escribir r\u00e1pido. Acept\u00e9 la oferta. Pod\u00eda ense\u00f1ar mucho a mis jefesR\u00e1pidamente, me di cuenta de que la transcripci\u00f3n de la palabra hablada [&hellip;]","og_url":"https:\/\/www.schreibkommunikation.de\/es\/sobre-me\/","og_site_name":"Servicio de transcripci\u00f3n Michaela Bernoth","article_modified_time":"2020-09-02T17:32:20+00:00","twitter_card":"summary_large_image","twitter_misc":{"Tiempo de lectura":"7 minutos"},"schema":{"@context":"https:\/\/schema.org","@graph":[{"@type":"WebPage","@id":"https:\/\/www.schreibkommunikation.de\/es\/sobre-me\/","url":"https:\/\/www.schreibkommunikation.de\/es\/sobre-me\/","name":"Sobre nosotros - Servicio de transcripci\u00f3n Michaela Bernoth","isPartOf":{"@id":"https:\/\/www.schreibkommunikation.de\/es\/#website"},"datePublished":"2020-08-24T11:05:53+00:00","dateModified":"2020-09-02T17:32:20+00:00","breadcrumb":{"@id":"https:\/\/www.schreibkommunikation.de\/es\/sobre-me\/#breadcrumb"},"inLanguage":"es","potentialAction":[{"@type":"ReadAction","target":["https:\/\/www.schreibkommunikation.de\/es\/sobre-me\/"]}]},{"@type":"BreadcrumbList","@id":"https:\/\/www.schreibkommunikation.de\/es\/sobre-me\/#breadcrumb","itemListElement":[{"@type":"ListItem","position":1,"name":"Startseite","item":"https:\/\/www.schreibkommunikation.de\/es\/"},{"@type":"ListItem","position":2,"name":"Sobre nosotros"}]},{"@type":"WebSite","@id":"https:\/\/www.schreibkommunikation.de\/es\/#website","url":"https:\/\/www.schreibkommunikation.de\/es\/","name":"Servicio de transcripci\u00f3n Michaela Bernoth","description":"El servicio de transcripci\u00f3n ahora se llama","potentialAction":[{"@type":"SearchAction","target":{"@type":"EntryPoint","urlTemplate":"https:\/\/www.schreibkommunikation.de\/es\/?s={search_term_string}"},"query-input":{"@type":"PropertyValueSpecification","valueRequired":true,"valueName":"search_term_string"}}],"inLanguage":"es"}]}},"_links":{"self":[{"href":"https:\/\/www.schreibkommunikation.de\/es\/wp-json\/wp\/v2\/pages\/400","targetHints":{"allow":["GET"]}}],"collection":[{"href":"https:\/\/www.schreibkommunikation.de\/es\/wp-json\/wp\/v2\/pages"}],"about":[{"href":"https:\/\/www.schreibkommunikation.de\/es\/wp-json\/wp\/v2\/types\/page"}],"author":[{"embeddable":true,"href":"https:\/\/www.schreibkommunikation.de\/es\/wp-json\/wp\/v2\/users\/1"}],"replies":[{"embeddable":true,"href":"https:\/\/www.schreibkommunikation.de\/es\/wp-json\/wp\/v2\/comments?post=400"}],"version-history":[{"count":25,"href":"https:\/\/www.schreibkommunikation.de\/es\/wp-json\/wp\/v2\/pages\/400\/revisions"}],"predecessor-version":[{"id":630,"href":"https:\/\/www.schreibkommunikation.de\/es\/wp-json\/wp\/v2\/pages\/400\/revisions\/630"}],"wp:attachment":[{"href":"https:\/\/www.schreibkommunikation.de\/es\/wp-json\/wp\/v2\/media?parent=400"}],"curies":[{"name":"wp","href":"https:\/\/api.w.org\/{rel}","templated":true}]}}